{"id":557,"date":"2026-02-23T17:49:45","date_gmt":"2026-02-23T10:49:45","guid":{"rendered":"https:\/\/fundgo.vn\/gioi-thieu\/"},"modified":"2026-02-23T19:38:25","modified_gmt":"2026-02-23T12:38:25","slug":"gioi-thieu","status":"publish","type":"page","link":"https:\/\/fundgo.vn\/en\/gioi-thieu\/","title":{"rendered":"Introduction"},"content":{"rendered":"<div style=\"max-width:1000px; margin:0 auto; padding:0 20px;\">\n<p>  <!-- Hero Section --><\/p>\n<div style=\"text-align:center; padding:60px 20px 40px; border-bottom:1px solid #f0e8d0; margin-bottom:40px;\">\n    <img decoding=\"async\" src=\"https:\/\/fundgo.vn\/wp-content\/uploads\/2026\/02\/fundgo-logo-light.png\" alt=\"FUNDGO Logo\" style=\"height:60px; margin-bottom:24px; display:block; margin-left:auto; margin-right:auto;\" \/><\/p>\n<h1 style=\"color:#75323C; font-family:Montserrat,sans-serif; font-size:2.4em; font-weight:800; margin-bottom:16px; line-height:1.2;\">Gi\u1edbi thi\u1ec7u v\u1ec1 FUNDGO<\/h1>\n<p style=\"color:#555; font-size:1.1em; line-height:1.8; max-width:680px; margin:0 auto;\">H\u1ec7 sinh th\u00e1i \u0111\u1ea7u t\u01b0 v\u00e0 qu\u1ea3n l\u00fd t\u00e0i s\u1ea3n, k\u1ebft n\u1ed1i ngu\u1ed3n v\u1ed1n v\u1edbi c\u01a1 h\u1ed9i t\u0103ng tr\u01b0\u1edfng b\u1ec1n v\u1eefng t\u1ea1i Vi\u1ec7t Nam v\u00e0 khu v\u1ef1c.<\/p>\n<\/p><\/div>\n<p>  <!-- Ecosystem Grid --><\/p>\n<h2 style=\"color:#75323C; font-family:Montserrat,sans-serif; border-bottom:3px solid #DAB772; padding-bottom:10px; margin:40px 0 24px;\">H\u1ec7 sinh th\u00e1i FUNDGO<\/h2>\n<div class=\"ecosystem-grid\" style=\"display:grid; grid-template-columns:1fr 1fr; gap:30px; margin:24px 0 48px;\">\n<p>    <!-- Qu\u1ef9 FUNDGO - Dark Card --><\/p>\n<div class=\"ecosystem-card ecosystem-card--fund\" style=\"background:linear-gradient(135deg, #1A0E10 0%, #2d1219 100%); color:white; padding:32px; border-radius:12px;\">\n<div style=\"margin-bottom:20px;\">\n        <img decoding=\"async\" src=\"https:\/\/fundgo.vn\/wp-content\/uploads\/2026\/02\/fundgo-logo-dark.png\" alt=\"FUNDGO Fund Logo\" style=\"height:36px;\" \/>\n      <\/div>\n<h3 style=\"color:#DAB772; font-family:Montserrat,sans-serif; font-size:1.15em; margin-bottom:16px; font-weight:700;\">Qu\u1ef9 \u0110\u1ea7u T\u01b0 FUNDGO<\/h3>\n<p style=\"color:rgba(255,255,255,0.85); font-size:0.95em; line-height:1.75; margin-bottom:20px;\">Qu\u1ef9 \u0111\u1ea7u t\u01b0 t\u1eadp trung v\u00e0o c\u00e1c doanh nghi\u1ec7p t\u0103ng tr\u01b0\u1edfng v\u00e0 startup ti\u1ec1m n\u0103ng t\u1ea1i Vi\u1ec7t Nam. K\u1ebft n\u1ed1i nh\u00e0 \u0111\u1ea7u t\u01b0 v\u1edbi c\u01a1 h\u1ed9i \u0111\u1ea7u t\u01b0 \u0111\u01b0\u1ee3c th\u1ea9m \u0111\u1ecbnh chuy\u00ean s\u00e2u v\u00e0 qu\u1ea3n l\u00fd chuy\u00ean nghi\u1ec7p.<\/p>\n<ul style=\"list-style:none; padding:0; margin:0 0 20px;\">\n<li style=\"color:rgba(255,255,255,0.8); font-size:0.9em; padding:6px 0 6px 20px; position:relative;\"><span style=\"position:absolute; left:0; color:#DAB772;\">\u203a<\/span> \u0110\u1ea7u t\u01b0 c\u1ed5 ph\u1ea7n t\u0103ng tr\u01b0\u1edfng<\/li>\n<li style=\"color:rgba(255,255,255,0.8); font-size:0.9em; padding:6px 0 6px 20px; position:relative;\"><span style=\"position:absolute; left:0; color:#DAB772;\">\u203a<\/span> \u0110\u1ea7u t\u01b0 m\u1ea1o hi\u1ec3m (Venture)<\/li>\n<li style=\"color:rgba(255,255,255,0.8); font-size:0.9em; padding:6px 0 6px 20px; position:relative;\"><span style=\"position:absolute; left:0; color:#DAB772;\">\u203a<\/span> Qu\u1ea3n l\u00fd danh m\u1ee5c \u0111\u1ea7u t\u01b0<\/li>\n<\/ul>\n<p>      <a href=\"https:\/\/fundgo.vn\/en\/\" style=\"color:#DAB772; font-size:0.85em; text-decoration:none; border-bottom:1px solid #DAB772;\">T\u00ecm hi\u1ec3u th\u00eam \u2192<\/a>\n    <\/div>\n<p>    <!-- C\u00f4ng ty QLQQ - Light Card --><\/p>\n<div class=\"ecosystem-card ecosystem-card--mgmt\" style=\"background:linear-gradient(135deg, #f9f3e8 0%, #fff 100%); border:2px solid #E5CD9F; padding:32px; border-radius:12px;\">\n<div style=\"margin-bottom:20px;\">\n        <img decoding=\"async\" src=\"https:\/\/fundgo.vn\/wp-content\/uploads\/2026\/02\/fundgo-logo-light.png\" alt=\"FUNDGO Management Logo\" style=\"height:36px;\" \/>\n      <\/div>\n<h3 style=\"color:#75323C; font-family:Montserrat,sans-serif; font-size:1.15em; margin-bottom:16px; font-weight:700;\">C\u00f4ng ty C\u1ed5 ph\u1ea7n Qu\u1ea3n l\u00fd Qu\u1ef9 FUNDGO<\/h3>\n<p style=\"color:#444; font-size:0.95em; line-height:1.75; margin-bottom:20px;\">C\u00f4ng ty qu\u1ea3n l\u00fd qu\u1ef9 \u0111\u01b0\u1ee3c c\u1ea5p ph\u00e9p, ch\u1ecbu tr\u00e1ch nhi\u1ec7m qu\u1ea3n l\u00fd v\u00e0 v\u1eadn h\u00e0nh c\u00e1c qu\u1ef9 \u0111\u1ea7u t\u01b0, t\u01b0 v\u1ea5n t\u00e0i ch\u00ednh v\u00e0 cung c\u1ea5p d\u1ecbch v\u1ee5 qu\u1ea3n l\u00fd t\u00e0i s\u1ea3n chuy\u00ean nghi\u1ec7p.<\/p>\n<ul style=\"list-style:none; padding:0; margin:0 0 20px;\">\n<li style=\"color:#555; font-size:0.9em; padding:6px 0 6px 20px; position:relative;\"><span style=\"position:absolute; left:0; color:#DAB772;\">\u203a<\/span> Qu\u1ea3n l\u00fd qu\u1ef9 \u0111\u1ea7u t\u01b0<\/li>\n<li style=\"color:#555; font-size:0.9em; padding:6px 0 6px 20px; position:relative;\"><span style=\"position:absolute; left:0; color:#DAB772;\">\u203a<\/span> T\u01b0 v\u1ea5n t\u00e0i ch\u00ednh doanh nghi\u1ec7p<\/li>\n<li style=\"color:#555; font-size:0.9em; padding:6px 0 6px 20px; position:relative;\"><span style=\"position:absolute; left:0; color:#DAB772;\">\u203a<\/span> Qu\u1ea3n l\u00fd t\u00e0i s\u1ea3n c\u00e1 nh\u00e2n HNW<\/li>\n<\/ul>\n<p>      <a href=\"https:\/\/fundgo.vn\/en\/\" style=\"color:#DAB772; font-size:0.85em; text-decoration:none; border-bottom:1px solid #DAB772;\">T\u00ecm hi\u1ec3u th\u00eam \u2192<\/a>\n    <\/div>\n<\/p><\/div>\n<p>  <!-- 8 L\u0129nh v\u1ef1c icon grid --><\/p>\n<h2 style=\"color:#75323C; font-family:Montserrat,sans-serif; border-bottom:3px solid #DAB772; padding-bottom:10px; margin:40px 0 24px;\">L\u0129nh v\u1ef1c ho\u1ea1t \u0111\u1ed9ng<\/h2>\n<div style=\"display:grid; grid-template-columns:repeat(4, 1fr); gap:20px; margin:24px 0 48px;\">\n<div style=\"text-align:center; padding:24px 16px; background:#fff; border-radius:10px; border:1px solid #f0e8d0; box-shadow:0 2px 12px rgba(117,50,60,0.06);\">\n<div style=\"font-size:2em; margin-bottom:12px;\">\ud83d\udcbc<\/div>\n<h4 style=\"color:#75323C; font-family:Montserrat,sans-serif; font-size:0.85em; font-weight:700; margin:0;\">\u0110\u1ea7u t\u01b0 c\u1ed5 ph\u1ea7n<\/h4>\n<\/p><\/div>\n<div style=\"text-align:center; padding:24px 16px; background:#fff; border-radius:10px; border:1px solid #f0e8d0; box-shadow:0 2px 12px rgba(117,50,60,0.06);\">\n<div style=\"font-size:2em; margin-bottom:12px;\">\ud83d\ude80<\/div>\n<h4 style=\"color:#75323C; font-family:Montserrat,sans-serif; font-size:0.85em; font-weight:700; margin:0;\">\u0110\u1ea7u t\u01b0 m\u1ea1o hi\u1ec3m<\/h4>\n<\/p><\/div>\n<div style=\"text-align:center; padding:24px 16px; background:#fff; border-radius:10px; border:1px solid #f0e8d0; box-shadow:0 2px 12px rgba(117,50,60,0.06);\">\n<div style=\"font-size:2em; margin-bottom:12px;\">\ud83d\udcc8<\/div>\n<h4 style=\"color:#75323C; font-family:Montserrat,sans-serif; font-size:0.85em; font-weight:700; margin:0;\">Qu\u1ea3n l\u00fd danh m\u1ee5c<\/h4>\n<\/p><\/div>\n<div style=\"text-align:center; padding:24px 16px; background:#fff; border-radius:10px; border:1px solid #f0e8d0; box-shadow:0 2px 12px rgba(117,50,60,0.06);\">\n<div style=\"font-size:2em; margin-bottom:12px;\">\ud83c\udfe6<\/div>\n<h4 style=\"color:#75323C; font-family:Montserrat,sans-serif; font-size:0.85em; font-weight:700; margin:0;\">Qu\u1ea3n l\u00fd t\u00e0i s\u1ea3n<\/h4>\n<\/p><\/div>\n<div style=\"text-align:center; padding:24px 16px; background:#fff; border-radius:10px; border:1px solid #f0e8d0; box-shadow:0 2px 12px rgba(117,50,60,0.06);\">\n<div style=\"font-size:2em; margin-bottom:12px;\">\ud83e\udd1d<\/div>\n<h4 style=\"color:#75323C; font-family:Montserrat,sans-serif; font-size:0.85em; font-weight:700; margin:0;\">T\u01b0 v\u1ea5n M&amp;A<\/h4>\n<\/p><\/div>\n<div style=\"text-align:center; padding:24px 16px; background:#fff; border-radius:10px; border:1px solid #f0e8d0; box-shadow:0 2px 12px rgba(117,50,60,0.06);\">\n<div style=\"font-size:2em; margin-bottom:12px;\">\ud83d\udcca<\/div>\n<h4 style=\"color:#75323C; font-family:Montserrat,sans-serif; font-size:0.85em; font-weight:700; margin:0;\">T\u01b0 v\u1ea5n t\u00e0i ch\u00ednh<\/h4>\n<\/p><\/div>\n<div style=\"text-align:center; padding:24px 16px; background:#fff; border-radius:10px; border:1px solid #f0e8d0; box-shadow:0 2px 12px rgba(117,50,60,0.06);\">\n<div style=\"font-size:2em; margin-bottom:12px;\">\ud83e\udd16<\/div>\n<h4 style=\"color:#75323C; font-family:Montserrat,sans-serif; font-size:0.85em; font-weight:700; margin:0;\">\u1ee8ng d\u1ee5ng AI (FAIC)<\/h4>\n<\/p><\/div>\n<div style=\"text-align:center; padding:24px 16px; background:#fff; border-radius:10px; border:1px solid #f0e8d0; box-shadow:0 2px 12px rgba(117,50,60,0.06);\">\n<div style=\"font-size:2em; margin-bottom:12px;\">\ud83c\udf0f<\/div>\n<h4 style=\"color:#75323C; font-family:Montserrat,sans-serif; font-size:0.85em; font-weight:700; margin:0;\">\u0110\u1ea7u t\u01b0 qu\u1ed1c t\u1ebf<\/h4>\n<\/p><\/div>\n<\/p><\/div>\n<p>  <!-- V\u0103n ph\u00f2ng Section --><\/p>\n<h2 style=\"color:#75323C; font-family:Montserrat,sans-serif; border-bottom:3px solid #DAB772; padding-bottom:10px; margin:40px 0 24px;\">V\u0103n ph\u00f2ng<\/h2>\n<div style=\"display:grid; grid-template-columns:repeat(2, 1fr); gap:20px; margin:24px 0 48px;\">\n<div style=\"background:linear-gradient(135deg, #1A0E10 0%, #2d1219 100%); border-radius:10px; padding:24px;\">\n<div style=\"display:flex; align-items:flex-start; gap:14px;\">\n        <span style=\"font-size:1.5em; flex-shrink:0; margin-top:2px;\">\ud83c\udfe2<\/span><\/p>\n<div>\n          <strong style=\"color:#DAB772; font-family:Montserrat,sans-serif; font-size:0.9em; display:block; margin-bottom:6px;\">Tr\u1ee5 s\u1edf \u2014 C\u1ea7n Th\u01a1<\/strong><\/p>\n<p style=\"color:rgba(255,255,255,0.8); font-size:0.88em; line-height:1.6; margin:0;\">S\u1ed1 81 Nguy\u1ec5n Hi\u1ec1n, KDC 91B,<br \/>Ph\u01b0\u1eddng T\u00e2n An, C\u1ea7n Th\u01a1<\/p>\n<\/p><\/div>\n<\/p><\/div>\n<\/p><\/div>\n<div style=\"background:#fff; border:1px solid #f0e8d0; border-radius:10px; padding:24px;\">\n<div style=\"display:flex; align-items:flex-start; gap:14px;\">\n        <span style=\"font-size:1.5em; flex-shrink:0; margin-top:2px;\">\ud83c\udfd9\ufe0f<\/span><\/p>\n<div>\n          <strong style=\"color:#75323C; font-family:Montserrat,sans-serif; font-size:0.9em; display:block; margin-bottom:6px;\">\u0110\u00e0 N\u1eb5ng<\/strong><\/p>\n<p style=\"color:#555; font-size:0.88em; line-height:1.6; margin:0;\">T\u1ea7ng 16, To\u00e0 Misa,<br \/>188 \u0111\u01b0\u1eddng 30\/4, Ph\u01b0\u1eddng H\u00f2a C\u01b0\u1eddng<\/p>\n<\/p><\/div>\n<\/p><\/div>\n<\/p><\/div>\n<div style=\"background:#fff; border:1px solid #f0e8d0; border-radius:10px; padding:24px;\">\n<div style=\"display:flex; align-items:flex-start; gap:14px;\">\n        <span style=\"font-size:1.5em; flex-shrink:0; margin-top:2px;\">\ud83c\udfdb\ufe0f<\/span><\/p>\n<div>\n          <strong style=\"color:#75323C; font-family:Montserrat,sans-serif; font-size:0.9em; display:block; margin-bottom:6px;\">H\u00e0 N\u1ed9i<\/strong><\/p>\n<p style=\"color:#555; font-size:0.88em; line-height:1.6; margin:0;\">T\u1ea7ng 3, SME Ho\u00e0ng Gia, Ph\u1ed1 C\u1ea7u \u0110\u01a1, H\u00e0 \u0110\u00f4ng<br \/><span style=\"color:#999; font-size:0.9em;\">+ 109 Nguy\u1ec5n Tu\u00e2n, Thanh Xu\u00e2n<\/span><\/p>\n<\/p><\/div>\n<\/p><\/div>\n<\/p><\/div>\n<div style=\"background:#fff; border:1px solid #f0e8d0; border-radius:10px; padding:24px;\">\n<div style=\"display:flex; align-items:flex-start; gap:14px;\">\n        <span style=\"font-size:1.5em; flex-shrink:0; margin-top:2px;\">\ud83c\udf06<\/span><\/p>\n<div>\n          <strong style=\"color:#75323C; font-family:Montserrat,sans-serif; font-size:0.9em; display:block; margin-bottom:6px;\">TP. H\u1ed3 Ch\u00ed Minh<\/strong><\/p>\n<p style=\"color:#555; font-size:0.88em; line-height:1.6; margin:0;\">T\u1ea7ng 5, Financiat Building,<br \/>34 B\u1ea1ch \u0110\u1eb1ng, T\u00e2n S\u01a1n H\u00f2a<\/p>\n<\/p><\/div>\n<\/p><\/div>\n<\/p><\/div>\n<div style=\"background:#fff; border:1px solid #f0e8d0; border-radius:10px; padding:24px; grid-column:1\/-1;\">\n<div style=\"display:flex; align-items:flex-start; gap:14px;\">\n        <span style=\"font-size:1.5em; flex-shrink:0; margin-top:2px;\">\ud83c\udf0f<\/span><\/p>\n<div>\n          <strong style=\"color:#75323C; font-family:Montserrat,sans-serif; font-size:0.9em; display:block; margin-bottom:6px;\">Australia<\/strong><\/p>\n<p style=\"color:#555; font-size:0.88em; line-height:1.6; margin:0;\">Suite 886, 100 George St, Parramatta NSW 2150, Australia<\/p>\n<\/p><\/div>\n<\/p><\/div>\n<\/p><\/div>\n<\/p><\/div>\n<\/div>","protected":false},"excerpt":{"rendered":"<p>Gi\u1edbi thi\u1ec7u v\u1ec1 FUNDGO H\u1ec7 sinh th\u00e1i \u0111\u1ea7u t\u01b0 v\u00e0 qu\u1ea3n l\u00fd t\u00e0i s\u1ea3n, k\u1ebft n\u1ed1i ngu\u1ed3n v\u1ed1n v\u1edbi c\u01a1 h\u1ed9i t\u0103ng tr\u01b0\u1edfng b\u1ec1n v\u1eefng t\u1ea1i Vi\u1ec7t Nam v\u00e0 khu v\u1ef1c. H\u1ec7 sinh th\u00e1i FUNDGO Qu\u1ef9 \u0110\u1ea7u T\u01b0 FUNDGO Qu\u1ef9 \u0111\u1ea7u t\u01b0 t\u1eadp trung v\u00e0o c\u00e1c doanh nghi\u1ec7p t\u0103ng tr\u01b0\u1edfng v\u00e0 startup ti\u1ec1m n\u0103ng t\u1ea1i&#8230;<\/p>","protected":false},"author":4,"featured_media":583,"parent":0,"menu_order":0,"comment_status":"closed","ping_status":"closed","template":"","meta":{"footnotes":""},"class_list":["post-557","page","type-page","status-publish","has-post-thumbnail","hentry"],"yoast_head":"<!-- This site is optimized with the Yoast SEO Premium plugin v25.1 (Yoast SEO v26.7) - https:\/\/yoast.com\/wordpress\/plugins\/seo\/ -->\n<title>Gi\u1edbi thi\u1ec7u - FUNDGO AI Center<\/title>\n<meta name=\"robots\" content=\"index, follow, max-snippet:-1, max-image-preview:large, max-video-preview:-1\" \/>\n<link rel=\"canonical\" href=\"https:\/\/fundgo.vn\/en\/gioi-thieu\/\" \/>\n<meta property=\"og:locale\" content=\"en_US\" \/>\n<meta property=\"og:type\" content=\"article\" \/>\n<meta property=\"og:title\" content=\"Gi\u1edbi thi\u1ec7u\" \/>\n<meta property=\"og:description\" content=\"Gi\u1edbi thi\u1ec7u v\u1ec1 FUNDGO H\u1ec7 sinh th\u00e1i \u0111\u1ea7u t\u01b0 v\u00e0 qu\u1ea3n l\u00fd t\u00e0i s\u1ea3n, k\u1ebft n\u1ed1i ngu\u1ed3n v\u1ed1n v\u1edbi c\u01a1 h\u1ed9i t\u0103ng tr\u01b0\u1edfng b\u1ec1n v\u1eefng t\u1ea1i Vi\u1ec7t Nam v\u00e0 khu v\u1ef1c. H\u1ec7 sinh th\u00e1i FUNDGO Qu\u1ef9 \u0110\u1ea7u T\u01b0 FUNDGO Qu\u1ef9 \u0111\u1ea7u t\u01b0 t\u1eadp trung v\u00e0o c\u00e1c doanh nghi\u1ec7p t\u0103ng tr\u01b0\u1edfng v\u00e0 startup ti\u1ec1m n\u0103ng t\u1ea1i...\" \/>\n<meta property=\"og:url\" content=\"https:\/\/fundgo.vn\/en\/gioi-thieu\/\" \/>\n<meta property=\"og:site_name\" content=\"FUNDGO AI Center\" \/>\n<meta property=\"article:modified_time\" content=\"2026-02-23T12:38:25+00:00\" \/>\n<meta property=\"og:image\" content=\"https:\/\/fundgo.vn\/wp-content\/uploads\/2026\/02\/fundgo-logo-light.png\" \/>\n<meta name=\"twitter:card\" content=\"summary_large_image\" \/>\n<meta name=\"twitter:label1\" content=\"Est. reading time\" \/>\n\t<meta name=\"twitter:data1\" content=\"2 minutes\" \/>\n<script type=\"application\/ld+json\" class=\"yoast-schema-graph\">{\"@context\":\"https:\/\/schema.org\",\"@graph\":[{\"@type\":\"WebPage\",\"@id\":\"https:\/\/fundgo.vn\/gioi-thieu\/\",\"url\":\"https:\/\/fundgo.vn\/gioi-thieu\/\",\"name\":\"Gi\u1edbi thi\u1ec7u - FUNDGO AI Center\",\"isPartOf\":{\"@id\":\"https:\/\/fundgo.vn\/#website\"},\"primaryImageOfPage\":{\"@id\":\"https:\/\/fundgo.vn\/gioi-thieu\/#primaryimage\"},\"image\":{\"@id\":\"https:\/\/fundgo.vn\/gioi-thieu\/#primaryimage\"},\"thumbnailUrl\":\"https:\/\/fundgo.vn\/wp-content\/uploads\/2026\/02\/faic-hero-1.png\",\"datePublished\":\"2026-02-23T10:49:45+00:00\",\"dateModified\":\"2026-02-23T12:38:25+00:00\",\"breadcrumb\":{\"@id\":\"https:\/\/fundgo.vn\/gioi-thieu\/#breadcrumb\"},\"inLanguage\":\"en-US\",\"potentialAction\":[{\"@type\":\"ReadAction\",\"target\":[\"https:\/\/fundgo.vn\/gioi-thieu\/\"]}]},{\"@type\":\"ImageObject\",\"inLanguage\":\"en-US\",\"@id\":\"https:\/\/fundgo.vn\/gioi-thieu\/#primaryimage\",\"url\":\"https:\/\/fundgo.vn\/wp-content\/uploads\/2026\/02\/faic-hero-1.png\",\"contentUrl\":\"https:\/\/fundgo.vn\/wp-content\/uploads\/2026\/02\/faic-hero-1.png\",\"width\":1408,\"height\":768},{\"@type\":\"BreadcrumbList\",\"@id\":\"https:\/\/fundgo.vn\/gioi-thieu\/#breadcrumb\",\"itemListElement\":[{\"@type\":\"ListItem\",\"position\":1,\"name\":\"Trang ch\u1ee7\",\"item\":\"https:\/\/fundgo.vn\/\"},{\"@type\":\"ListItem\",\"position\":2,\"name\":\"Gi\u1edbi thi\u1ec7u\"}]},{\"@type\":\"WebSite\",\"@id\":\"https:\/\/fundgo.vn\/#website\",\"url\":\"https:\/\/fundgo.vn\/\",\"name\":\"Fundgo VN\",\"description\":\"\u1ee8ng d\u1ee5ng AI \u2013 \u0110\u1ed3ng h\u00e0nh c\u00f9ng t\u01b0\u01a1ng lai\",\"publisher\":{\"@id\":\"https:\/\/fundgo.vn\/#organization\"},\"potentialAction\":[{\"@type\":\"SearchAction\",\"target\":{\"@type\":\"EntryPoint\",\"urlTemplate\":\"https:\/\/fundgo.vn\/?s={search_term_string}\"},\"query-input\":{\"@type\":\"PropertyValueSpecification\",\"valueRequired\":true,\"valueName\":\"search_term_string\"}}],\"inLanguage\":\"en-US\"},{\"@type\":\"Organization\",\"@id\":\"https:\/\/fundgo.vn\/#organization\",\"name\":\"Fundgo VN\",\"url\":\"https:\/\/fundgo.vn\/\",\"logo\":{\"@type\":\"ImageObject\",\"inLanguage\":\"en-US\",\"@id\":\"https:\/\/fundgo.vn\/#\/schema\/logo\/image\/\",\"url\":\"https:\/\/fundgo.vn\/wp-content\/uploads\/2024\/05\/logo.svg\",\"contentUrl\":\"https:\/\/fundgo.vn\/wp-content\/uploads\/2024\/05\/logo.svg\",\"width\":99,\"height\":110,\"caption\":\"Fundgo VN\"},\"image\":{\"@id\":\"https:\/\/fundgo.vn\/#\/schema\/logo\/image\/\"}}]}<\/script>\n<!-- \/ Yoast SEO Premium plugin. -->","yoast_head_json":{"title":"Gi\u1edbi thi\u1ec7u - FUNDGO AI Center","robots":{"index":"index","follow":"follow","max-snippet":"max-snippet:-1","max-image-preview":"max-image-preview:large","max-video-preview":"max-video-preview:-1"},"canonical":"https:\/\/fundgo.vn\/en\/gioi-thieu\/","og_locale":"en_US","og_type":"article","og_title":"Gi\u1edbi thi\u1ec7u","og_description":"Gi\u1edbi thi\u1ec7u v\u1ec1 FUNDGO H\u1ec7 sinh th\u00e1i \u0111\u1ea7u t\u01b0 v\u00e0 qu\u1ea3n l\u00fd t\u00e0i s\u1ea3n, k\u1ebft n\u1ed1i ngu\u1ed3n v\u1ed1n v\u1edbi c\u01a1 h\u1ed9i t\u0103ng tr\u01b0\u1edfng b\u1ec1n v\u1eefng t\u1ea1i Vi\u1ec7t Nam v\u00e0 khu v\u1ef1c. H\u1ec7 sinh th\u00e1i FUNDGO Qu\u1ef9 \u0110\u1ea7u T\u01b0 FUNDGO Qu\u1ef9 \u0111\u1ea7u t\u01b0 t\u1eadp trung v\u00e0o c\u00e1c doanh nghi\u1ec7p t\u0103ng tr\u01b0\u1edfng v\u00e0 startup ti\u1ec1m n\u0103ng t\u1ea1i...","og_url":"https:\/\/fundgo.vn\/en\/gioi-thieu\/","og_site_name":"FUNDGO AI Center","article_modified_time":"2026-02-23T12:38:25+00:00","og_image":[{"url":"https:\/\/fundgo.vn\/wp-content\/uploads\/2026\/02\/fundgo-logo-light.png","type":"","width":"","height":""}],"twitter_card":"summary_large_image","twitter_misc":{"Est. reading time":"2 minutes"},"schema":{"@context":"https:\/\/schema.org","@graph":[{"@type":"WebPage","@id":"https:\/\/fundgo.vn\/gioi-thieu\/","url":"https:\/\/fundgo.vn\/gioi-thieu\/","name":"Gi\u1edbi thi\u1ec7u - FUNDGO AI Center","isPartOf":{"@id":"https:\/\/fundgo.vn\/#website"},"primaryImageOfPage":{"@id":"https:\/\/fundgo.vn\/gioi-thieu\/#primaryimage"},"image":{"@id":"https:\/\/fundgo.vn\/gioi-thieu\/#primaryimage"},"thumbnailUrl":"https:\/\/fundgo.vn\/wp-content\/uploads\/2026\/02\/faic-hero-1.png","datePublished":"2026-02-23T10:49:45+00:00","dateModified":"2026-02-23T12:38:25+00:00","breadcrumb":{"@id":"https:\/\/fundgo.vn\/gioi-thieu\/#breadcrumb"},"inLanguage":"en-US","potentialAction":[{"@type":"ReadAction","target":["https:\/\/fundgo.vn\/gioi-thieu\/"]}]},{"@type":"ImageObject","inLanguage":"en-US","@id":"https:\/\/fundgo.vn\/gioi-thieu\/#primaryimage","url":"https:\/\/fundgo.vn\/wp-content\/uploads\/2026\/02\/faic-hero-1.png","contentUrl":"https:\/\/fundgo.vn\/wp-content\/uploads\/2026\/02\/faic-hero-1.png","width":1408,"height":768},{"@type":"BreadcrumbList","@id":"https:\/\/fundgo.vn\/gioi-thieu\/#breadcrumb","itemListElement":[{"@type":"ListItem","position":1,"name":"Trang ch\u1ee7","item":"https:\/\/fundgo.vn\/"},{"@type":"ListItem","position":2,"name":"Gi\u1edbi thi\u1ec7u"}]},{"@type":"WebSite","@id":"https:\/\/fundgo.vn\/#website","url":"https:\/\/fundgo.vn\/","name":"Fundgo VN","description":"\u1ee8ng d\u1ee5ng AI \u2013 \u0110\u1ed3ng h\u00e0nh c\u00f9ng t\u01b0\u01a1ng lai","publisher":{"@id":"https:\/\/fundgo.vn\/#organization"},"potentialAction":[{"@type":"SearchAction","target":{"@type":"EntryPoint","urlTemplate":"https:\/\/fundgo.vn\/?s={search_term_string}"},"query-input":{"@type":"PropertyValueSpecification","valueRequired":true,"valueName":"search_term_string"}}],"inLanguage":"en-US"},{"@type":"Organization","@id":"https:\/\/fundgo.vn\/#organization","name":"Fundgo VN","url":"https:\/\/fundgo.vn\/","logo":{"@type":"ImageObject","inLanguage":"en-US","@id":"https:\/\/fundgo.vn\/#\/schema\/logo\/image\/","url":"https:\/\/fundgo.vn\/wp-content\/uploads\/2024\/05\/logo.svg","contentUrl":"https:\/\/fundgo.vn\/wp-content\/uploads\/2024\/05\/logo.svg","width":99,"height":110,"caption":"Fundgo VN"},"image":{"@id":"https:\/\/fundgo.vn\/#\/schema\/logo\/image\/"}}]}},"_links":{"self":[{"href":"https:\/\/fundgo.vn\/en\/wp-json\/wp\/v2\/pages\/557","targetHints":{"allow":["GET"]}}],"collection":[{"href":"https:\/\/fundgo.vn\/en\/wp-json\/wp\/v2\/pages"}],"about":[{"href":"https:\/\/fundgo.vn\/en\/wp-json\/wp\/v2\/types\/page"}],"author":[{"embeddable":true,"href":"https:\/\/fundgo.vn\/en\/wp-json\/wp\/v2\/users\/4"}],"replies":[{"embeddable":true,"href":"https:\/\/fundgo.vn\/en\/wp-json\/wp\/v2\/comments?post=557"}],"version-history":[{"count":1,"href":"https:\/\/fundgo.vn\/en\/wp-json\/wp\/v2\/pages\/557\/revisions"}],"predecessor-version":[{"id":580,"href":"https:\/\/fundgo.vn\/en\/wp-json\/wp\/v2\/pages\/557\/revisions\/580"}],"wp:featuredmedia":[{"embeddable":true,"href":"https:\/\/fundgo.vn\/en\/wp-json\/wp\/v2\/media\/583"}],"wp:attachment":[{"href":"https:\/\/fundgo.vn\/en\/wp-json\/wp\/v2\/media?parent=557"}],"curies":[{"name":"wp","href":"https:\/\/api.w.org\/{rel}","templated":true}]}}