{"id":375,"date":"2026-01-20T15:59:41","date_gmt":"2026-01-20T08:59:41","guid":{"rendered":"https:\/\/fundgo.vn\/?page_id=375"},"modified":"2026-01-22T23:39:53","modified_gmt":"2026-01-22T16:39:53","slug":"tin-tuc","status":"publish","type":"page","link":"https:\/\/fundgo.vn\/en\/tin-tuc\/","title":{"rendered":"News"},"content":{"rendered":"<style>\n\/* RESET *\/\n* { box-sizing: border-box; margin: 0; padding: 0; }\nbody {\n    font-family: 'Segoe UI', Arial, sans-serif;\n    background: #f6f6f6;\n    color: #222;\n    line-height: 1.6;\n}\na { text-decoration: none; color: inherit; }\n\n\/* COLORS *\/\n:root {\n    --gold: #d4af37;\n    --black: #111;\n    --gray: #777;\n}\n\n\/* CONTAINER *\/\n.container {\n    width: 1080px;\n    max-width: 92%;\n    margin: auto;\n}\n\n\/* HERO *\/\n.hero {\n    background: linear-gradient(rgba(0,0,0,.65), rgba(0,0,0,.65)),\n    url('https:\/\/fundgo.vn\/wp-content\/uploads\/2026\/01\/photo-1520607162513-77705c0f0d4a-scaled.jpg') center\/cover;\n    padding: 80px 0;\n    color: #fff;\n}\n.hero h1 {\n    font-size: 42px;\n    color: var(--gold);\n}\n.hero p {\n    max-width: 600px;\n    margin-top: 15px;\n    color: #ddd;\n}\n\n\n\/* RESPONSIVE *\/\n@media (max-width: 900px) {\n    .featured { grid-template-columns: 1fr; }\n    .posts { grid-template-columns: 1fr 1fr; }\n}\n@media (max-width: 600px) {\n    .posts { grid-template-columns: 1fr; }\n    .hero h1 { font-size: 32px; }\n}\n<\/style>\n<body>\n\n<!-- HERO -->\n<section class=\"hero\">\n    <div class=\"container\">\n        <h1>Tin t\u1ee9c &#038; Ph\u00e2n t\u00edch FundGo<\/h1>\n        <p>C\u1eadp nh\u1eadt ho\u1ea1t \u0111\u1ed9ng qu\u1ef9, c\u00f4ng b\u1ed1 \u0111\u1ea7u t\u01b0 v\u00e0 g\u00f3c nh\u00ecn chi\u1ebfn l\u01b0\u1ee3c d\u1ef1a tr\u00ean d\u1eef li\u1ec7u.<\/p>\n    <\/div>\n<\/section>\n\n\n<\/body>\n\n\n  \n    <div class=\"row blog-post large-columns-3 medium-columns- small-columns-1 row-small has-shadow row-box-shadow-2\" >\n  <div class=\"col post-item\" data-animate=\"fadeInLeft\">\n\t\t\t<div class=\"col-inner\">\n\t\t\t\t<div class=\"box box-bounce box-text-bottom box-blog-post has-hover\">\n            \t\t\t\t\t<div class=\"box-image\" >\n  \t\t\t\t\t\t<div class=\"image-cover\" style=\"padding-top:180px;\">\n\t\t\t\t\t\t\t<a href=\"https:\/\/fundgo.vn\/en\/notification\/cong-bo-thanh-lap-quy-dau-tu-khoi-nghiep-sang-tao-tai-san-so-fundgo\/\" class=\"plain\" aria-label=\"C\u00d4NG B\u1ed0 TH\u00c0NH L\u1eacP QU\u1ef8 \u0110\u1ea6U T\u01af KH\u1edeI NGHI\u1ec6P S\u00c1NG T\u1ea0O T\u00c0I S\u1ea2N S\u1ed0 FUNDGO\">\n\t\t\t\t\t\t\t\t<img loading=\"lazy\" decoding=\"async\" width=\"300\" height=\"169\" src=\"https:\/\/fundgo.vn\/wp-content\/uploads\/2025\/12\/THANH-LAP-web-300x169.jpg\" class=\"attachment-medium size-medium wp-post-image\" alt=\"\" srcset=\"https:\/\/fundgo.vn\/wp-content\/uploads\/2025\/12\/THANH-LAP-web-300x169.jpg 300w, https:\/\/fundgo.vn\/wp-content\/uploads\/2025\/12\/THANH-LAP-web-1024x576.jpg 1024w, https:\/\/fundgo.vn\/wp-content\/uploads\/2025\/12\/THANH-LAP-web-768x432.jpg 768w, https:\/\/fundgo.vn\/wp-content\/uploads\/2025\/12\/THANH-LAP-web-1536x864.jpg 1536w, https:\/\/fundgo.vn\/wp-content\/uploads\/2025\/12\/THANH-LAP-web-18x10.jpg 18w, https:\/\/fundgo.vn\/wp-content\/uploads\/2025\/12\/THANH-LAP-web.jpg 1920w\" sizes=\"auto, (max-width: 300px) 100vw, 300px\" \/>\t\t\t\t\t\t\t<\/a>\n  \t\t\t\t\t\t\t  \t\t\t\t\t\t\t  \t\t\t\t\t\t<\/div>\n  \t\t\t\t\t\t  \t\t\t\t\t<\/div>\n          \t\t\t\t\t<div class=\"box-text text-center\" style=\"padding:0px 0px 0px 0px;\">\n\t\t\t\t\t<div class=\"box-text-inner blog-post-inner\">\n\n\t\t\t\t\t\n\t\t\t\t\t\t\t\t\t\t<h5 class=\"post-title is-large\">\n\t\t\t\t\t\t<a href=\"https:\/\/fundgo.vn\/en\/notification\/cong-bo-thanh-lap-quy-dau-tu-khoi-nghiep-sang-tao-tai-san-so-fundgo\/\" class=\"plain\">C\u00d4NG B\u1ed0 TH\u00c0NH L\u1eacP QU\u1ef8 \u0110\u1ea6U T\u01af KH\u1edeI NGHI\u1ec6P S\u00c1NG T\u1ea0O T\u00c0I S\u1ea2N S\u1ed0 FUNDGO<\/a>\n\t\t\t\t\t<\/h5>\n\t\t\t\t\t\t\t\t\t\t<div class=\"is-divider\"><\/div>\n\t\t\t\t\t\t\t\t\t\t<p class=\"from_the_blog_excerpt\">\n\t\t\t\t\t\tSau qu\u00e1 tr\u00ecnh ho\u00e0n thi\u1ec7n h\u1ed3 s\u01a1, Qu\u1ef9 \u0110\u1ea7u t\u01b0 Kh\u1edfi nghi\u1ec7p S\u00e1ng t\u1ea1o T\u00e0i...\t\t\t\t\t<\/p>\n\t\t\t\t\t                    \n\t\t\t\t\t\n\t\t\t\t\t\n\t\t\t\t\t<\/div>\n\t\t\t\t\t<\/div>\n\t\t\t\t\t\t\t\t\t\t\t\t\t\t\t\t<div class=\"badge absolute top post-date badge-outline\">\n\t\t\t\t\t\t\t<div class=\"badge-inner\">\n\t\t\t\t\t\t\t\t<span class=\"post-date-day\">31<\/span><br>\n\t\t\t\t\t\t\t\t<span class=\"post-date-month is-xsmall\">Dec<\/span>\n\t\t\t\t\t\t\t<\/div>\n\t\t\t\t\t\t<\/div>\n\t\t\t\t\t\t\t\t\t<\/div>\n\t\t\t<\/div>\n\t\t<\/div><div class=\"col post-item\" data-animate=\"fadeInLeft\">\n\t\t\t<div class=\"col-inner\">\n\t\t\t\t<div class=\"box box-bounce box-text-bottom box-blog-post has-hover\">\n            \t\t\t\t\t<div class=\"box-image\" >\n  \t\t\t\t\t\t<div class=\"image-cover\" style=\"padding-top:180px;\">\n\t\t\t\t\t\t\t<a href=\"https:\/\/fundgo.vn\/en\/notification\/cong-bo-thanh-lap-quy-dau-tu-dien-anh-fundgo-cinema\/\" class=\"plain\" aria-label=\"C\u00d4NG B\u1ed0 TH\u00c0NH L\u1eacP QU\u1ef8 \u0110\u1ea6U T\u01af \u0110I\u1ec6N \u1ea2NH FUNDGO CINEMA\">\n\t\t\t\t\t\t\t\t<img loading=\"lazy\" decoding=\"async\" width=\"300\" height=\"169\" src=\"https:\/\/fundgo.vn\/wp-content\/uploads\/2026\/01\/POST-NGAY-27.12.2025-01-300x169.jpg\" class=\"attachment-medium size-medium wp-post-image\" alt=\"\" srcset=\"https:\/\/fundgo.vn\/wp-content\/uploads\/2026\/01\/POST-NGAY-27.12.2025-01-300x169.jpg 300w, https:\/\/fundgo.vn\/wp-content\/uploads\/2026\/01\/POST-NGAY-27.12.2025-01-1024x576.jpg 1024w, https:\/\/fundgo.vn\/wp-content\/uploads\/2026\/01\/POST-NGAY-27.12.2025-01-768x432.jpg 768w, https:\/\/fundgo.vn\/wp-content\/uploads\/2026\/01\/POST-NGAY-27.12.2025-01-1536x864.jpg 1536w, https:\/\/fundgo.vn\/wp-content\/uploads\/2026\/01\/POST-NGAY-27.12.2025-01-18x10.jpg 18w, https:\/\/fundgo.vn\/wp-content\/uploads\/2026\/01\/POST-NGAY-27.12.2025-01.jpg 1920w\" sizes=\"auto, (max-width: 300px) 100vw, 300px\" \/>\t\t\t\t\t\t\t<\/a>\n  \t\t\t\t\t\t\t  \t\t\t\t\t\t\t  \t\t\t\t\t\t<\/div>\n  \t\t\t\t\t\t  \t\t\t\t\t<\/div>\n          \t\t\t\t\t<div class=\"box-text text-center\" style=\"padding:0px 0px 0px 0px;\">\n\t\t\t\t\t<div class=\"box-text-inner blog-post-inner\">\n\n\t\t\t\t\t\n\t\t\t\t\t\t\t\t\t\t<h5 class=\"post-title is-large\">\n\t\t\t\t\t\t<a href=\"https:\/\/fundgo.vn\/en\/notification\/cong-bo-thanh-lap-quy-dau-tu-dien-anh-fundgo-cinema\/\" class=\"plain\">C\u00d4NG B\u1ed0 TH\u00c0NH L\u1eacP QU\u1ef8 \u0110\u1ea6U T\u01af \u0110I\u1ec6N \u1ea2NH FUNDGO CINEMA<\/a>\n\t\t\t\t\t<\/h5>\n\t\t\t\t\t\t\t\t\t\t<div class=\"is-divider\"><\/div>\n\t\t\t\t\t\t\t\t\t\t<p class=\"from_the_blog_excerpt\">\n\t\t\t\t\t\tSau qu\u00e1 tr\u00ecnh ho\u00e0n thi\u1ec7n h\u1ed3 s\u01a1, Qu\u1ef9 \u0110\u1ea7u t\u01b0 \u0110i\u1ec7n \u1ea3nh FUNDGO Cinema \u0111\u00e3...\t\t\t\t\t<\/p>\n\t\t\t\t\t                    \n\t\t\t\t\t\n\t\t\t\t\t\n\t\t\t\t\t<\/div>\n\t\t\t\t\t<\/div>\n\t\t\t\t\t\t\t\t\t\t\t\t\t\t\t\t<div class=\"badge absolute top post-date badge-outline\">\n\t\t\t\t\t\t\t<div class=\"badge-inner\">\n\t\t\t\t\t\t\t\t<span class=\"post-date-day\">22<\/span><br>\n\t\t\t\t\t\t\t\t<span class=\"post-date-month is-xsmall\">Dec<\/span>\n\t\t\t\t\t\t\t<\/div>\n\t\t\t\t\t\t<\/div>\n\t\t\t\t\t\t\t\t\t<\/div>\n\t\t\t<\/div>\n\t\t<\/div><div class=\"col post-item\" data-animate=\"fadeInLeft\">\n\t\t\t<div class=\"col-inner\">\n\t\t\t\t<div class=\"box box-bounce box-text-bottom box-blog-post has-hover\">\n            \t\t\t\t\t<div class=\"box-image\" >\n  \t\t\t\t\t\t<div class=\"image-cover\" style=\"padding-top:180px;\">\n\t\t\t\t\t\t\t<a href=\"https:\/\/fundgo.vn\/en\/notification\/announcement-of-the-change-of-the-investment-address-for-the-startup-bfri-vietnam\/\" class=\"plain\" aria-label=\"NOTICE OF ADDRESS CHANGE FOR BFRI VIETNAM INNOVATIVE STARTUP INVESTMENT FUND\">\n\t\t\t\t\t\t\t\t<img loading=\"lazy\" decoding=\"async\" width=\"300\" height=\"204\" src=\"https:\/\/fundgo.vn\/wp-content\/uploads\/2024\/10\/QUY-BFRI-ASIA-300x204.jpg\" class=\"attachment-medium size-medium wp-post-image\" alt=\"\" srcset=\"https:\/\/fundgo.vn\/wp-content\/uploads\/2024\/10\/QUY-BFRI-ASIA-300x204.jpg 300w, https:\/\/fundgo.vn\/wp-content\/uploads\/2024\/10\/QUY-BFRI-ASIA-1024x695.jpg 1024w, https:\/\/fundgo.vn\/wp-content\/uploads\/2024\/10\/QUY-BFRI-ASIA-768x522.jpg 768w, https:\/\/fundgo.vn\/wp-content\/uploads\/2024\/10\/QUY-BFRI-ASIA-1536x1043.jpg 1536w, https:\/\/fundgo.vn\/wp-content\/uploads\/2024\/10\/QUY-BFRI-ASIA.jpg 1920w\" sizes=\"auto, (max-width: 300px) 100vw, 300px\" \/>\t\t\t\t\t\t\t<\/a>\n  \t\t\t\t\t\t\t  \t\t\t\t\t\t\t  \t\t\t\t\t\t<\/div>\n  \t\t\t\t\t\t  \t\t\t\t\t<\/div>\n          \t\t\t\t\t<div class=\"box-text text-center\" style=\"padding:0px 0px 0px 0px;\">\n\t\t\t\t\t<div class=\"box-text-inner blog-post-inner\">\n\n\t\t\t\t\t\n\t\t\t\t\t\t\t\t\t\t<h5 class=\"post-title is-large\">\n\t\t\t\t\t\t<a href=\"https:\/\/fundgo.vn\/en\/notification\/announcement-of-the-change-of-the-investment-address-for-the-startup-bfri-vietnam\/\" class=\"plain\">NOTICE OF ADDRESS CHANGE FOR BFRI VIETNAM INNOVATIVE STARTUP INVESTMENT FUND<\/a>\n\t\t\t\t\t<\/h5>\n\t\t\t\t\t\t\t\t\t\t<div class=\"is-divider\"><\/div>\n\t\t\t\t\t\t\t\t\t\t<p class=\"from_the_blog_excerpt\">\n\t\t\t\t\t\tC\u00f4ng ty Qu\u1ea3n l\u00fd Qu\u1ef9 FUNDGO xin tr\u00e2n tr\u1ecdng th\u00f4ng b\u00e1o v\u1ec1 vi\u1ec7c thay \u0111\u1ed5i...\t\t\t\t\t<\/p>\n\t\t\t\t\t                    \n\t\t\t\t\t\n\t\t\t\t\t\n\t\t\t\t\t<\/div>\n\t\t\t\t\t<\/div>\n\t\t\t\t\t\t\t\t\t\t\t\t\t\t\t\t<div class=\"badge absolute top post-date badge-outline\">\n\t\t\t\t\t\t\t<div class=\"badge-inner\">\n\t\t\t\t\t\t\t\t<span class=\"post-date-day\">21<\/span><br>\n\t\t\t\t\t\t\t\t<span class=\"post-date-month is-xsmall\">Oct<\/span>\n\t\t\t\t\t\t\t<\/div>\n\t\t\t\t\t\t<\/div>\n\t\t\t\t\t\t\t\t\t<\/div>\n\t\t\t<\/div>\n\t\t<\/div><div class=\"col post-item\" data-animate=\"fadeInLeft\">\n\t\t\t<div class=\"col-inner\">\n\t\t\t\t<div class=\"box box-bounce box-text-bottom box-blog-post has-hover\">\n            \t\t\t\t\t<div class=\"box-image\" >\n  \t\t\t\t\t\t<div class=\"image-cover\" style=\"padding-top:180px;\">\n\t\t\t\t\t\t\t<a href=\"https:\/\/fundgo.vn\/en\/notification\/announcement-of-the-address-change-of-quy-fundgo-da-nang\/\" class=\"plain\" aria-label=\"NOTICE OF CHANGE OF ADDRESS FOR FUNDGO DA NANG\">\n\t\t\t\t\t\t\t\t<img loading=\"lazy\" decoding=\"async\" width=\"300\" height=\"204\" src=\"https:\/\/fundgo.vn\/wp-content\/uploads\/2024\/10\/THUMBNAIL-THONG-BAO-DA-NANG-CONG-TY-QUAN-LY-QUY-300x204.jpg\" class=\"attachment-medium size-medium wp-post-image\" alt=\"\" srcset=\"https:\/\/fundgo.vn\/wp-content\/uploads\/2024\/10\/THUMBNAIL-THONG-BAO-DA-NANG-CONG-TY-QUAN-LY-QUY-300x204.jpg 300w, https:\/\/fundgo.vn\/wp-content\/uploads\/2024\/10\/THUMBNAIL-THONG-BAO-DA-NANG-CONG-TY-QUAN-LY-QUY-1024x695.jpg 1024w, https:\/\/fundgo.vn\/wp-content\/uploads\/2024\/10\/THUMBNAIL-THONG-BAO-DA-NANG-CONG-TY-QUAN-LY-QUY-768x522.jpg 768w, https:\/\/fundgo.vn\/wp-content\/uploads\/2024\/10\/THUMBNAIL-THONG-BAO-DA-NANG-CONG-TY-QUAN-LY-QUY-1536x1043.jpg 1536w, https:\/\/fundgo.vn\/wp-content\/uploads\/2024\/10\/THUMBNAIL-THONG-BAO-DA-NANG-CONG-TY-QUAN-LY-QUY.jpg 1920w\" sizes=\"auto, (max-width: 300px) 100vw, 300px\" \/>\t\t\t\t\t\t\t<\/a>\n  \t\t\t\t\t\t\t  \t\t\t\t\t\t\t  \t\t\t\t\t\t<\/div>\n  \t\t\t\t\t\t  \t\t\t\t\t<\/div>\n          \t\t\t\t\t<div class=\"box-text text-center\" style=\"padding:0px 0px 0px 0px;\">\n\t\t\t\t\t<div class=\"box-text-inner blog-post-inner\">\n\n\t\t\t\t\t\n\t\t\t\t\t\t\t\t\t\t<h5 class=\"post-title is-large\">\n\t\t\t\t\t\t<a href=\"https:\/\/fundgo.vn\/en\/notification\/announcement-of-the-address-change-of-quy-fundgo-da-nang\/\" class=\"plain\">NOTICE OF CHANGE OF ADDRESS FOR FUNDGO DA NANG<\/a>\n\t\t\t\t\t<\/h5>\n\t\t\t\t\t\t\t\t\t\t<div class=\"is-divider\"><\/div>\n\t\t\t\t\t\t\t\t\t\t<p class=\"from_the_blog_excerpt\">\n\t\t\t\t\t\tC\u00f4ng ty Qu\u1ea3n l\u00fd Qu\u1ef9 FUNDGO xin tr\u00e2n tr\u1ecdng th\u00f4ng b\u00e1o v\u1ec1 vi\u1ec7c thay \u0111\u1ed5i...\t\t\t\t\t<\/p>\n\t\t\t\t\t                    \n\t\t\t\t\t\n\t\t\t\t\t\n\t\t\t\t\t<\/div>\n\t\t\t\t\t<\/div>\n\t\t\t\t\t\t\t\t\t\t\t\t\t\t\t\t<div class=\"badge absolute top post-date badge-outline\">\n\t\t\t\t\t\t\t<div class=\"badge-inner\">\n\t\t\t\t\t\t\t\t<span class=\"post-date-day\">21<\/span><br>\n\t\t\t\t\t\t\t\t<span class=\"post-date-month is-xsmall\">Oct<\/span>\n\t\t\t\t\t\t\t<\/div>\n\t\t\t\t\t\t<\/div>\n\t\t\t\t\t\t\t\t\t<\/div>\n\t\t\t<\/div>\n\t\t<\/div><div class=\"col post-item\" data-animate=\"fadeInLeft\">\n\t\t\t<div class=\"col-inner\">\n\t\t\t\t<div class=\"box box-bounce box-text-bottom box-blog-post has-hover\">\n            \t\t\t\t\t<div class=\"box-image\" >\n  \t\t\t\t\t\t<div class=\"image-cover\" style=\"padding-top:180px;\">\n\t\t\t\t\t\t\t<a href=\"https:\/\/fundgo.vn\/en\/notification\/announcement-of-the-establishment-of-the-bfri-vietnam-startup-investment-fund\/\" class=\"plain\" aria-label=\"ANNOUNCEMENT ON THE ESTABLISHMENT OF BFRI VIETNAM INNOVATIVE STARTUP INVESTMENT FUND\u00a0\">\n\t\t\t\t\t\t\t\t<img loading=\"lazy\" decoding=\"async\" width=\"300\" height=\"204\" src=\"https:\/\/fundgo.vn\/wp-content\/uploads\/2024\/06\/01-300x204.jpg\" class=\"attachment-medium size-medium wp-post-image\" alt=\"\" srcset=\"https:\/\/fundgo.vn\/wp-content\/uploads\/2024\/06\/01-300x204.jpg 300w, https:\/\/fundgo.vn\/wp-content\/uploads\/2024\/06\/01-1024x695.jpg 1024w, https:\/\/fundgo.vn\/wp-content\/uploads\/2024\/06\/01-768x522.jpg 768w, https:\/\/fundgo.vn\/wp-content\/uploads\/2024\/06\/01-1536x1043.jpg 1536w, https:\/\/fundgo.vn\/wp-content\/uploads\/2024\/06\/01.jpg 1920w\" sizes=\"auto, (max-width: 300px) 100vw, 300px\" \/>\t\t\t\t\t\t\t<\/a>\n  \t\t\t\t\t\t\t  \t\t\t\t\t\t\t  \t\t\t\t\t\t<\/div>\n  \t\t\t\t\t\t  \t\t\t\t\t<\/div>\n          \t\t\t\t\t<div class=\"box-text text-center\" style=\"padding:0px 0px 0px 0px;\">\n\t\t\t\t\t<div class=\"box-text-inner blog-post-inner\">\n\n\t\t\t\t\t\n\t\t\t\t\t\t\t\t\t\t<h5 class=\"post-title is-large\">\n\t\t\t\t\t\t<a href=\"https:\/\/fundgo.vn\/en\/notification\/announcement-of-the-establishment-of-the-bfri-vietnam-startup-investment-fund\/\" class=\"plain\">ANNOUNCEMENT ON THE ESTABLISHMENT OF BFRI VIETNAM INNOVATIVE STARTUP INVESTMENT FUND\u00a0<\/a>\n\t\t\t\t\t<\/h5>\n\t\t\t\t\t\t\t\t\t\t<div class=\"is-divider\"><\/div>\n\t\t\t\t\t\t\t\t\t\t<p class=\"from_the_blog_excerpt\">\n\t\t\t\t\t\tV\u00e0o ng\u00e0y 24\/06\/2024 v\u1eeba qua, S\u1edf K\u1ebf ho\u1ea1ch v\u00e0 \u0110\u1ea7u t\u01b0 Th\u00e0nh ph\u1ed1 \u0110\u00e0 N\u1eb5ng...\t\t\t\t\t<\/p>\n\t\t\t\t\t                    \n\t\t\t\t\t\n\t\t\t\t\t\n\t\t\t\t\t<\/div>\n\t\t\t\t\t<\/div>\n\t\t\t\t\t\t\t\t\t\t\t\t\t\t\t\t<div class=\"badge absolute top post-date badge-outline\">\n\t\t\t\t\t\t\t<div class=\"badge-inner\">\n\t\t\t\t\t\t\t\t<span class=\"post-date-day\">26<\/span><br>\n\t\t\t\t\t\t\t\t<span class=\"post-date-month is-xsmall\">Jun<\/span>\n\t\t\t\t\t\t\t<\/div>\n\t\t\t\t\t\t<\/div>\n\t\t\t\t\t\t\t\t\t<\/div>\n\t\t\t<\/div>\n\t\t<\/div><div class=\"col post-item\" data-animate=\"fadeInLeft\">\n\t\t\t<div class=\"col-inner\">\n\t\t\t\t<div class=\"box box-bounce box-text-bottom box-blog-post has-hover\">\n            \t\t\t\t\t<div class=\"box-image\" >\n  \t\t\t\t\t\t<div class=\"image-cover\" style=\"padding-top:180px;\">\n\t\t\t\t\t\t\t<a href=\"https:\/\/fundgo.vn\/en\/notification\/announcement-of-the-establishment-of-the-startup-innovation-fund-go-da-nang\/\" class=\"plain\" aria-label=\"ANNOUNCEMENT OF THE ESTABLISHMENT OF THE FUNDGO INNOVATIVE STARTUP INVESTMENT FUND IN DA NANG\">\n\t\t\t\t\t\t\t\t<img loading=\"lazy\" decoding=\"async\" width=\"300\" height=\"204\" src=\"https:\/\/fundgo.vn\/wp-content\/uploads\/2024\/05\/FUNDGO_DA_NANG-1-300x204.jpg\" class=\"attachment-medium size-medium wp-post-image\" alt=\"\" srcset=\"https:\/\/fundgo.vn\/wp-content\/uploads\/2024\/05\/FUNDGO_DA_NANG-1-300x204.jpg 300w, https:\/\/fundgo.vn\/wp-content\/uploads\/2024\/05\/FUNDGO_DA_NANG-1-1024x695.jpg 1024w, https:\/\/fundgo.vn\/wp-content\/uploads\/2024\/05\/FUNDGO_DA_NANG-1-768x522.jpg 768w, https:\/\/fundgo.vn\/wp-content\/uploads\/2024\/05\/FUNDGO_DA_NANG-1-1536x1043.jpg 1536w, https:\/\/fundgo.vn\/wp-content\/uploads\/2024\/05\/FUNDGO_DA_NANG-1.jpg 1920w\" sizes=\"auto, (max-width: 300px) 100vw, 300px\" \/>\t\t\t\t\t\t\t<\/a>\n  \t\t\t\t\t\t\t  \t\t\t\t\t\t\t  \t\t\t\t\t\t<\/div>\n  \t\t\t\t\t\t  \t\t\t\t\t<\/div>\n          \t\t\t\t\t<div class=\"box-text text-center\" style=\"padding:0px 0px 0px 0px;\">\n\t\t\t\t\t<div class=\"box-text-inner blog-post-inner\">\n\n\t\t\t\t\t\n\t\t\t\t\t\t\t\t\t\t<h5 class=\"post-title is-large\">\n\t\t\t\t\t\t<a href=\"https:\/\/fundgo.vn\/en\/notification\/announcement-of-the-establishment-of-the-startup-innovation-fund-go-da-nang\/\" class=\"plain\">ANNOUNCEMENT OF THE ESTABLISHMENT OF THE FUNDGO INNOVATIVE STARTUP INVESTMENT FUND IN DA NANG<\/a>\n\t\t\t\t\t<\/h5>\n\t\t\t\t\t\t\t\t\t\t<div class=\"is-divider\"><\/div>\n\t\t\t\t\t\t\t\t\t\t<p class=\"from_the_blog_excerpt\">\n\t\t\t\t\t\tSau qu\u00e1 tr\u00ecnh ho\u00e0n thi\u1ec7n h\u1ed3 s\u01a1, Qu\u1ef9 \u0110\u1ea7u t\u01b0 Kh\u1edfi nghi\u1ec7p S\u00e1ng t\u1ea1o FUNDGO...\t\t\t\t\t<\/p>\n\t\t\t\t\t                    \n\t\t\t\t\t\n\t\t\t\t\t\n\t\t\t\t\t<\/div>\n\t\t\t\t\t<\/div>\n\t\t\t\t\t\t\t\t\t\t\t\t\t\t\t\t<div class=\"badge absolute top post-date badge-outline\">\n\t\t\t\t\t\t\t<div class=\"badge-inner\">\n\t\t\t\t\t\t\t\t<span class=\"post-date-day\">11<\/span><br>\n\t\t\t\t\t\t\t\t<span class=\"post-date-month is-xsmall\">May<\/span>\n\t\t\t\t\t\t\t<\/div>\n\t\t\t\t\t\t<\/div>\n\t\t\t\t\t\t\t\t\t<\/div>\n\t\t\t<\/div>\n\t\t<\/div><\/div>","protected":false},"excerpt":{"rendered":"","protected":false},"author":4,"featured_media":0,"parent":0,"menu_order":0,"comment_status":"closed","ping_status":"closed","template":"page-blank.php","meta":{"footnotes":""},"class_list":["post-375","page","type-page","status-publish","hentry"],"yoast_head":"<!-- This site is optimized with the Yoast SEO Premium plugin v25.1 (Yoast SEO v26.7) - https:\/\/yoast.com\/wordpress\/plugins\/seo\/ -->\n<title>Tin t\u1ee9c - FUNDGO AI Center<\/title>\n<meta name=\"robots\" content=\"index, follow, max-snippet:-1, max-image-preview:large, max-video-preview:-1\" \/>\n<link rel=\"canonical\" href=\"https:\/\/fundgo.vn\/en\/tin-tuc\/\" \/>\n<meta property=\"og:locale\" content=\"en_US\" \/>\n<meta property=\"og:type\" content=\"article\" \/>\n<meta property=\"og:title\" content=\"Tin t\u1ee9c\" \/>\n<meta property=\"og:url\" content=\"https:\/\/fundgo.vn\/en\/tin-tuc\/\" \/>\n<meta property=\"og:site_name\" content=\"FUNDGO AI Center\" \/>\n<meta property=\"article:modified_time\" content=\"2026-01-22T16:39:53+00:00\" \/>\n<meta property=\"og:image\" content=\"https:\/\/fundgo.vn\/wp-content\/uploads\/2026\/01\/FUNDGO-1024x576.png\" \/>\n\t<meta property=\"og:image:width\" content=\"1024\" \/>\n\t<meta property=\"og:image:height\" content=\"576\" \/>\n\t<meta property=\"og:image:type\" content=\"image\/png\" \/>\n<meta name=\"twitter:card\" content=\"summary_large_image\" \/>\n<meta name=\"twitter:label1\" content=\"Est. reading time\" \/>\n\t<meta name=\"twitter:data1\" content=\"1 minute\" \/>\n<script type=\"application\/ld+json\" class=\"yoast-schema-graph\">{\"@context\":\"https:\/\/schema.org\",\"@graph\":[{\"@type\":\"WebPage\",\"@id\":\"https:\/\/fundgo.vn\/tin-tuc\/\",\"url\":\"https:\/\/fundgo.vn\/tin-tuc\/\",\"name\":\"Tin t\u1ee9c - FUNDGO AI Center\",\"isPartOf\":{\"@id\":\"https:\/\/fundgo.vn\/#website\"},\"datePublished\":\"2026-01-20T08:59:41+00:00\",\"dateModified\":\"2026-01-22T16:39:53+00:00\",\"breadcrumb\":{\"@id\":\"https:\/\/fundgo.vn\/tin-tuc\/#breadcrumb\"},\"inLanguage\":\"en-US\",\"potentialAction\":[{\"@type\":\"ReadAction\",\"target\":[\"https:\/\/fundgo.vn\/tin-tuc\/\"]}]},{\"@type\":\"BreadcrumbList\",\"@id\":\"https:\/\/fundgo.vn\/tin-tuc\/#breadcrumb\",\"itemListElement\":[{\"@type\":\"ListItem\",\"position\":1,\"name\":\"Trang ch\u1ee7\",\"item\":\"https:\/\/fundgo.vn\/\"},{\"@type\":\"ListItem\",\"position\":2,\"name\":\"Tin t\u1ee9c\"}]},{\"@type\":\"WebSite\",\"@id\":\"https:\/\/fundgo.vn\/#website\",\"url\":\"https:\/\/fundgo.vn\/\",\"name\":\"Fundgo VN\",\"description\":\"\u1ee8ng d\u1ee5ng AI \u2013 \u0110\u1ed3ng h\u00e0nh c\u00f9ng t\u01b0\u01a1ng lai\",\"publisher\":{\"@id\":\"https:\/\/fundgo.vn\/#organization\"},\"potentialAction\":[{\"@type\":\"SearchAction\",\"target\":{\"@type\":\"EntryPoint\",\"urlTemplate\":\"https:\/\/fundgo.vn\/?s={search_term_string}\"},\"query-input\":{\"@type\":\"PropertyValueSpecification\",\"valueRequired\":true,\"valueName\":\"search_term_string\"}}],\"inLanguage\":\"en-US\"},{\"@type\":\"Organization\",\"@id\":\"https:\/\/fundgo.vn\/#organization\",\"name\":\"Fundgo VN\",\"url\":\"https:\/\/fundgo.vn\/\",\"logo\":{\"@type\":\"ImageObject\",\"inLanguage\":\"en-US\",\"@id\":\"https:\/\/fundgo.vn\/#\/schema\/logo\/image\/\",\"url\":\"https:\/\/fundgo.vn\/wp-content\/uploads\/2024\/05\/logo.svg\",\"contentUrl\":\"https:\/\/fundgo.vn\/wp-content\/uploads\/2024\/05\/logo.svg\",\"width\":99,\"height\":110,\"caption\":\"Fundgo VN\"},\"image\":{\"@id\":\"https:\/\/fundgo.vn\/#\/schema\/logo\/image\/\"}}]}<\/script>\n<!-- \/ Yoast SEO Premium plugin. -->","yoast_head_json":{"title":"Tin t\u1ee9c - FUNDGO AI Center","robots":{"index":"index","follow":"follow","max-snippet":"max-snippet:-1","max-image-preview":"max-image-preview:large","max-video-preview":"max-video-preview:-1"},"canonical":"https:\/\/fundgo.vn\/en\/tin-tuc\/","og_locale":"en_US","og_type":"article","og_title":"Tin t\u1ee9c","og_url":"https:\/\/fundgo.vn\/en\/tin-tuc\/","og_site_name":"FUNDGO AI Center","article_modified_time":"2026-01-22T16:39:53+00:00","og_image":[{"width":1024,"height":576,"url":"https:\/\/fundgo.vn\/wp-content\/uploads\/2026\/01\/FUNDGO-1024x576.png","type":"image\/png"}],"twitter_card":"summary_large_image","twitter_misc":{"Est. reading time":"1 minute"},"schema":{"@context":"https:\/\/schema.org","@graph":[{"@type":"WebPage","@id":"https:\/\/fundgo.vn\/tin-tuc\/","url":"https:\/\/fundgo.vn\/tin-tuc\/","name":"Tin t\u1ee9c - FUNDGO AI Center","isPartOf":{"@id":"https:\/\/fundgo.vn\/#website"},"datePublished":"2026-01-20T08:59:41+00:00","dateModified":"2026-01-22T16:39:53+00:00","breadcrumb":{"@id":"https:\/\/fundgo.vn\/tin-tuc\/#breadcrumb"},"inLanguage":"en-US","potentialAction":[{"@type":"ReadAction","target":["https:\/\/fundgo.vn\/tin-tuc\/"]}]},{"@type":"BreadcrumbList","@id":"https:\/\/fundgo.vn\/tin-tuc\/#breadcrumb","itemListElement":[{"@type":"ListItem","position":1,"name":"Trang ch\u1ee7","item":"https:\/\/fundgo.vn\/"},{"@type":"ListItem","position":2,"name":"Tin t\u1ee9c"}]},{"@type":"WebSite","@id":"https:\/\/fundgo.vn\/#website","url":"https:\/\/fundgo.vn\/","name":"Fundgo VN","description":"\u1ee8ng d\u1ee5ng AI \u2013 \u0110\u1ed3ng h\u00e0nh c\u00f9ng t\u01b0\u01a1ng lai","publisher":{"@id":"https:\/\/fundgo.vn\/#organization"},"potentialAction":[{"@type":"SearchAction","target":{"@type":"EntryPoint","urlTemplate":"https:\/\/fundgo.vn\/?s={search_term_string}"},"query-input":{"@type":"PropertyValueSpecification","valueRequired":true,"valueName":"search_term_string"}}],"inLanguage":"en-US"},{"@type":"Organization","@id":"https:\/\/fundgo.vn\/#organization","name":"Fundgo VN","url":"https:\/\/fundgo.vn\/","logo":{"@type":"ImageObject","inLanguage":"en-US","@id":"https:\/\/fundgo.vn\/#\/schema\/logo\/image\/","url":"https:\/\/fundgo.vn\/wp-content\/uploads\/2024\/05\/logo.svg","contentUrl":"https:\/\/fundgo.vn\/wp-content\/uploads\/2024\/05\/logo.svg","width":99,"height":110,"caption":"Fundgo VN"},"image":{"@id":"https:\/\/fundgo.vn\/#\/schema\/logo\/image\/"}}]}},"_links":{"self":[{"href":"https:\/\/fundgo.vn\/en\/wp-json\/wp\/v2\/pages\/375","targetHints":{"allow":["GET"]}}],"collection":[{"href":"https:\/\/fundgo.vn\/en\/wp-json\/wp\/v2\/pages"}],"about":[{"href":"https:\/\/fundgo.vn\/en\/wp-json\/wp\/v2\/types\/page"}],"author":[{"embeddable":true,"href":"https:\/\/fundgo.vn\/en\/wp-json\/wp\/v2\/users\/4"}],"replies":[{"embeddable":true,"href":"https:\/\/fundgo.vn\/en\/wp-json\/wp\/v2\/comments?post=375"}],"version-history":[{"count":6,"href":"https:\/\/fundgo.vn\/en\/wp-json\/wp\/v2\/pages\/375\/revisions"}],"predecessor-version":[{"id":513,"href":"https:\/\/fundgo.vn\/en\/wp-json\/wp\/v2\/pages\/375\/revisions\/513"}],"wp:attachment":[{"href":"https:\/\/fundgo.vn\/en\/wp-json\/wp\/v2\/media?parent=375"}],"curies":[{"name":"wp","href":"https:\/\/api.w.org\/{rel}","templated":true}]}}